{"id":3,"date":"2026-02-17T15:34:42","date_gmt":"2026-02-17T14:34:42","guid":{"rendered":"https:\/\/cabanedelours.manum.cloud\/?page_id=3"},"modified":"2026-03-25T14:40:45","modified_gmt":"2026-03-25T13:40:45","slug":"politique-de-confidentialite","status":"publish","type":"page","link":"https:\/\/cabanedelours.manum.cloud\/?page_id=3","title":{"rendered":"Politique de confidentialit\u00e9"},"content":{"rendered":"<style>.wp-block-kadence-advancedheading.kt-adv-heading3_9fbf77-ce, .wp-block-kadence-advancedheading.kt-adv-heading3_9fbf77-ce[data-kb-block=\"kb-adv-heading3_9fbf77-ce\"]{font-style:normal;}.wp-block-kadence-advancedheading.kt-adv-heading3_9fbf77-ce mark.kt-highlight, .wp-block-kadence-advancedheading.kt-adv-heading3_9fbf77-ce[data-kb-block=\"kb-adv-heading3_9fbf77-ce\"] mark.kt-highlight{font-style:normal;color:#f76a0c;-webkit-box-decoration-break:clone;box-decoration-break:clone;padding-top:0px;padding-right:0px;padding-bottom:0px;padding-left:0px;}.wp-block-kadence-advancedheading.kt-adv-heading3_9fbf77-ce img.kb-inline-image, .wp-block-kadence-advancedheading.kt-adv-heading3_9fbf77-ce[data-kb-block=\"kb-adv-heading3_9fbf77-ce\"] img.kb-inline-image{width:150px;vertical-align:baseline;}<\/style>\n<h2 class=\"kt-adv-heading3_9fbf77-ce wp-block-kadence-advancedheading\" data-kb-block=\"kb-adv-heading3_9fbf77-ce\">Qui sommes-nous&nbsp;?<\/h2>\n\n\n\n<p>L\u2019adresse de notre site est&nbsp;: https:\/\/cabane-de-lours.fr\/<\/p>\n\n\n<style>.wp-block-kadence-advancedheading.kt-adv-heading3_6d1121-fa, .wp-block-kadence-advancedheading.kt-adv-heading3_6d1121-fa[data-kb-block=\"kb-adv-heading3_6d1121-fa\"]{font-style:normal;}.wp-block-kadence-advancedheading.kt-adv-heading3_6d1121-fa mark.kt-highlight, .wp-block-kadence-advancedheading.kt-adv-heading3_6d1121-fa[data-kb-block=\"kb-adv-heading3_6d1121-fa\"] mark.kt-highlight{font-style:normal;color:#f76a0c;-webkit-box-decoration-break:clone;box-decoration-break:clone;padding-top:0px;padding-right:0px;padding-bottom:0px;padding-left:0px;}.wp-block-kadence-advancedheading.kt-adv-heading3_6d1121-fa img.kb-inline-image, .wp-block-kadence-advancedheading.kt-adv-heading3_6d1121-fa[data-kb-block=\"kb-adv-heading3_6d1121-fa\"] img.kb-inline-image{width:150px;vertical-align:baseline;}<\/style>\n<h2 class=\"kt-adv-heading3_6d1121-fa wp-block-kadence-advancedheading\" data-kb-block=\"kb-adv-heading3_6d1121-fa\">Commentaires<\/h2>\n\n\n\n<p>Vous ne pouvez pas laisser de commentaire sur ce site.<\/p>\n\n\n<style>.wp-block-kadence-advancedheading.kt-adv-heading3_2fe705-b3, .wp-block-kadence-advancedheading.kt-adv-heading3_2fe705-b3[data-kb-block=\"kb-adv-heading3_2fe705-b3\"]{font-style:normal;}.wp-block-kadence-advancedheading.kt-adv-heading3_2fe705-b3 mark.kt-highlight, .wp-block-kadence-advancedheading.kt-adv-heading3_2fe705-b3[data-kb-block=\"kb-adv-heading3_2fe705-b3\"] mark.kt-highlight{font-style:normal;color:#f76a0c;-webkit-box-decoration-break:clone;box-decoration-break:clone;padding-top:0px;padding-right:0px;padding-bottom:0px;padding-left:0px;}.wp-block-kadence-advancedheading.kt-adv-heading3_2fe705-b3 img.kb-inline-image, .wp-block-kadence-advancedheading.kt-adv-heading3_2fe705-b3[data-kb-block=\"kb-adv-heading3_2fe705-b3\"] img.kb-inline-image{width:150px;vertical-align:baseline;}<\/style>\n<h2 class=\"kt-adv-heading3_2fe705-b3 wp-block-kadence-advancedheading\" data-kb-block=\"kb-adv-heading3_2fe705-b3\">M\u00e9dias<\/h2>\n\n\n\n<p>Vous ne pouvez pas t\u00e9l\u00e9verser de m\u00e9dias sur ce site.<\/p>\n\n\n<style>.wp-block-kadence-advancedheading.kt-adv-heading3_8e4e1c-e6, .wp-block-kadence-advancedheading.kt-adv-heading3_8e4e1c-e6[data-kb-block=\"kb-adv-heading3_8e4e1c-e6\"]{font-style:normal;}.wp-block-kadence-advancedheading.kt-adv-heading3_8e4e1c-e6 mark.kt-highlight, .wp-block-kadence-advancedheading.kt-adv-heading3_8e4e1c-e6[data-kb-block=\"kb-adv-heading3_8e4e1c-e6\"] mark.kt-highlight{font-style:normal;color:#f76a0c;-webkit-box-decoration-break:clone;box-decoration-break:clone;padding-top:0px;padding-right:0px;padding-bottom:0px;padding-left:0px;}.wp-block-kadence-advancedheading.kt-adv-heading3_8e4e1c-e6 img.kb-inline-image, .wp-block-kadence-advancedheading.kt-adv-heading3_8e4e1c-e6[data-kb-block=\"kb-adv-heading3_8e4e1c-e6\"] img.kb-inline-image{width:150px;vertical-align:baseline;}<\/style>\n<h2 class=\"kt-adv-heading3_8e4e1c-e6 wp-block-kadence-advancedheading\" data-kb-block=\"kb-adv-heading3_8e4e1c-e6\">Cookies<\/h2>\n\n\n\n<p>Nous utilisons des cookies de fonctionnement, y compris ceux de Google (via les font) pour assurer le bon fonctionnement du site et ceux de Matomo \u00e0 des fins analytiques.<\/p>\n\n\n<style>.wp-block-kadence-advancedheading.kt-adv-heading3_1455d7-b7, .wp-block-kadence-advancedheading.kt-adv-heading3_1455d7-b7[data-kb-block=\"kb-adv-heading3_1455d7-b7\"]{font-style:normal;}.wp-block-kadence-advancedheading.kt-adv-heading3_1455d7-b7 mark.kt-highlight, .wp-block-kadence-advancedheading.kt-adv-heading3_1455d7-b7[data-kb-block=\"kb-adv-heading3_1455d7-b7\"] mark.kt-highlight{font-style:normal;color:#f76a0c;-webkit-box-decoration-break:clone;box-decoration-break:clone;padding-top:0px;padding-right:0px;padding-bottom:0px;padding-left:0px;}.wp-block-kadence-advancedheading.kt-adv-heading3_1455d7-b7 img.kb-inline-image, .wp-block-kadence-advancedheading.kt-adv-heading3_1455d7-b7[data-kb-block=\"kb-adv-heading3_1455d7-b7\"] img.kb-inline-image{width:150px;vertical-align:baseline;}<\/style>\n<h2 class=\"kt-adv-heading3_1455d7-b7 wp-block-kadence-advancedheading\" data-kb-block=\"kb-adv-heading3_1455d7-b7\">Contenu embarqu\u00e9 depuis d\u2019autres sites<\/h2>\n\n\n\n<p>Les articles de ce site peuvent inclure des contenus int\u00e9gr\u00e9s (par exemple des vid\u00e9os, images, articles\u2026). Le contenu int\u00e9gr\u00e9 depuis d\u2019autres sites se comporte de la m\u00eame mani\u00e8re que si le visiteur se rendait sur cet autre site.<br>Ces sites web pourraient collecter des donn\u00e9es sur vous, utiliser des cookies, embarquer des outils de suivis tiers, suivre vos interactions avec ces contenus embarqu\u00e9s si vous disposez d\u2019un compte connect\u00e9 sur leur site web.<\/p>\n\n\n<style>.wp-block-kadence-advancedheading.kt-adv-heading3_ce0bbf-8b, .wp-block-kadence-advancedheading.kt-adv-heading3_ce0bbf-8b[data-kb-block=\"kb-adv-heading3_ce0bbf-8b\"]{font-style:normal;}.wp-block-kadence-advancedheading.kt-adv-heading3_ce0bbf-8b mark.kt-highlight, .wp-block-kadence-advancedheading.kt-adv-heading3_ce0bbf-8b[data-kb-block=\"kb-adv-heading3_ce0bbf-8b\"] mark.kt-highlight{font-style:normal;color:#f76a0c;-webkit-box-decoration-break:clone;box-decoration-break:clone;padding-top:0px;padding-right:0px;padding-bottom:0px;padding-left:0px;}.wp-block-kadence-advancedheading.kt-adv-heading3_ce0bbf-8b img.kb-inline-image, .wp-block-kadence-advancedheading.kt-adv-heading3_ce0bbf-8b[data-kb-block=\"kb-adv-heading3_ce0bbf-8b\"] img.kb-inline-image{width:150px;vertical-align:baseline;}<\/style>\n<h2 class=\"kt-adv-heading3_ce0bbf-8b wp-block-kadence-advancedheading\" data-kb-block=\"kb-adv-heading3_ce0bbf-8b\">Dur\u00e9es de stockage de vos donn\u00e9es<\/h2>\n\n\n\n<p>Les donn\u00e9es personnelles collect\u00e9es sont celles que vous renseignez sur le formulaire de contact, ces m\u00e9tadonn\u00e9es sont conserv\u00e9s ind\u00e9finiment.<\/p>\n\n\n<style>.wp-block-kadence-advancedheading.kt-adv-heading3_a5db0d-eb, .wp-block-kadence-advancedheading.kt-adv-heading3_a5db0d-eb[data-kb-block=\"kb-adv-heading3_a5db0d-eb\"]{font-style:normal;}.wp-block-kadence-advancedheading.kt-adv-heading3_a5db0d-eb mark.kt-highlight, .wp-block-kadence-advancedheading.kt-adv-heading3_a5db0d-eb[data-kb-block=\"kb-adv-heading3_a5db0d-eb\"] mark.kt-highlight{font-style:normal;color:#f76a0c;-webkit-box-decoration-break:clone;box-decoration-break:clone;padding-top:0px;padding-right:0px;padding-bottom:0px;padding-left:0px;}.wp-block-kadence-advancedheading.kt-adv-heading3_a5db0d-eb img.kb-inline-image, .wp-block-kadence-advancedheading.kt-adv-heading3_a5db0d-eb[data-kb-block=\"kb-adv-heading3_a5db0d-eb\"] img.kb-inline-image{width:150px;vertical-align:baseline;}<\/style>\n<h2 class=\"kt-adv-heading3_a5db0d-eb wp-block-kadence-advancedheading\" data-kb-block=\"kb-adv-heading3_a5db0d-eb\">Les droits que vous avez sur vos donn\u00e9es<\/h2>\n\n\n\n<p>Vous pouvez demander \u00e0 recevoir un fichier contenant toutes les donn\u00e9es personnelles que nous poss\u00e9dons \u00e0 votre sujet, incluant celles que vous nous avez fournies. Vous pouvez \u00e9galement demander la suppression des donn\u00e9es personnelles vous concernant. Cela ne prend pas en compte les donn\u00e9es stock\u00e9es \u00e0 des fins administratives, l\u00e9gales ou pour des raisons de s\u00e9curit\u00e9.<\/p>\n","protected":false},"excerpt":{"rendered":"<p>Qui sommes-nous&nbsp;? L\u2019adresse de notre site est&nbsp;: https:\/\/cabane-de-lours.fr\/ Commentaires Vous ne pouvez pas laisser de commentaire sur ce site. M\u00e9dias Vous ne pouvez pas t\u00e9l\u00e9verser de m\u00e9dias sur ce site. Cookies Nous utilisons des cookies de fonctionnement, y compris ceux de Google (via les font) pour assurer le bon fonctionnement du site et ceux de&#8230;<\/p>\n","protected":false},"author":1,"featured_media":0,"parent":0,"menu_order":0,"comment_status":"closed","ping_status":"closed","template":"","meta":{"inline_featured_image":false,"_kad_blocks_custom_css":"","_kad_blocks_head_custom_js":"","_kad_blocks_body_custom_js":"","_kad_blocks_footer_custom_js":"","_kadence_starter_templates_imported_post":false,"_kad_post_transparent":"","_kad_post_title":"","_kad_post_layout":"","_kad_post_sidebar_id":"","_kad_post_content_style":"","_kad_post_vertical_padding":"","_kad_post_feature":"","_kad_post_feature_position":"","_kad_post_header":false,"_kad_post_footer":false,"_kad_post_classname":"","footnotes":""},"class_list":["post-3","page","type-page","status-publish","hentry"],"yoast_head":"<!-- This site is optimized with the Yoast SEO plugin v27.2 - https:\/\/yoast.com\/product\/yoast-seo-wordpress\/ -->\n<title>Politique de confidentialit\u00e9 - La Cabane de l&#039;Ours<\/title>\n<meta name=\"robots\" content=\"noindex, follow, max-snippet:-1, max-image-preview:large, max-video-preview:-1\" \/>\n<meta property=\"og:locale\" content=\"fr_FR\" \/>\n<meta property=\"og:type\" content=\"article\" \/>\n<meta property=\"og:title\" content=\"Politique de confidentialit\u00e9 - La Cabane de l&#039;Ours\" \/>\n<meta property=\"og:description\" content=\"Qui sommes-nous&nbsp;? L\u2019adresse de notre site est&nbsp;: https:\/\/cabane-de-lours.fr\/ Commentaires Vous ne pouvez pas laisser de commentaire sur ce site. M\u00e9dias Vous ne pouvez pas t\u00e9l\u00e9verser de m\u00e9dias sur ce site. Cookies Nous utilisons des cookies de fonctionnement, y compris ceux de Google (via les font) pour assurer le bon fonctionnement du site et ceux de...\" \/>\n<meta property=\"og:url\" content=\"https:\/\/cabanedelours.manum.cloud\/?page_id=3\" \/>\n<meta property=\"og:site_name\" content=\"La Cabane de l&#039;Ours\" \/>\n<meta property=\"article:modified_time\" content=\"2026-03-25T13:40:45+00:00\" \/>\n<meta name=\"twitter:card\" content=\"summary_large_image\" \/>\n<meta name=\"twitter:label1\" content=\"Dur\u00e9e de lecture estim\u00e9e\" \/>\n\t<meta name=\"twitter:data1\" content=\"2 minutes\" \/>\n<script type=\"application\/ld+json\" class=\"yoast-schema-graph\">{\"@context\":\"https:\/\/schema.org\",\"@graph\":[{\"@type\":\"WebPage\",\"@id\":\"https:\/\/cabanedelours.manum.cloud\/?page_id=3\",\"url\":\"https:\/\/cabanedelours.manum.cloud\/?page_id=3\",\"name\":\"Politique de confidentialit\u00e9 - La Cabane de l&#039;Ours\",\"isPartOf\":{\"@id\":\"https:\/\/cabanedelours.manum.cloud\/#website\"},\"datePublished\":\"2026-02-17T14:34:42+00:00\",\"dateModified\":\"2026-03-25T13:40:45+00:00\",\"breadcrumb\":{\"@id\":\"https:\/\/cabanedelours.manum.cloud\/?page_id=3#breadcrumb\"},\"inLanguage\":\"fr-FR\",\"potentialAction\":[{\"@type\":\"ReadAction\",\"target\":[\"https:\/\/cabanedelours.manum.cloud\/?page_id=3\"]}]},{\"@type\":\"BreadcrumbList\",\"@id\":\"https:\/\/cabanedelours.manum.cloud\/?page_id=3#breadcrumb\",\"itemListElement\":[{\"@type\":\"ListItem\",\"position\":1,\"name\":\"Accueil\",\"item\":\"https:\/\/cabanedelours.manum.cloud\/\"},{\"@type\":\"ListItem\",\"position\":2,\"name\":\"Politique de confidentialit\u00e9\"}]},{\"@type\":\"WebSite\",\"@id\":\"https:\/\/cabanedelours.manum.cloud\/#website\",\"url\":\"https:\/\/cabanedelours.manum.cloud\/\",\"name\":\"La Cabane de l&#039;Ours\",\"description\":\"\",\"publisher\":{\"@id\":\"https:\/\/cabanedelours.manum.cloud\/#organization\"},\"potentialAction\":[{\"@type\":\"SearchAction\",\"target\":{\"@type\":\"EntryPoint\",\"urlTemplate\":\"https:\/\/cabanedelours.manum.cloud\/?s={search_term_string}\"},\"query-input\":{\"@type\":\"PropertyValueSpecification\",\"valueRequired\":true,\"valueName\":\"search_term_string\"}}],\"inLanguage\":\"fr-FR\"},{\"@type\":\"Organization\",\"@id\":\"https:\/\/cabanedelours.manum.cloud\/#organization\",\"name\":\"La Cabane de l&#039;Ours\",\"url\":\"https:\/\/cabanedelours.manum.cloud\/\",\"logo\":{\"@type\":\"ImageObject\",\"inLanguage\":\"fr-FR\",\"@id\":\"https:\/\/cabanedelours.manum.cloud\/#\/schema\/logo\/image\/\",\"url\":\"https:\/\/cabanedelours.manum.cloud\/wp-content\/uploads\/2026\/04\/2026-03.LOGO-CABANE-DE-LOURS-5-PAYSAGE.svg\",\"contentUrl\":\"https:\/\/cabanedelours.manum.cloud\/wp-content\/uploads\/2026\/04\/2026-03.LOGO-CABANE-DE-LOURS-5-PAYSAGE.svg\",\"width\":1500,\"height\":327,\"caption\":\"La Cabane de l&#039;Ours\"},\"image\":{\"@id\":\"https:\/\/cabanedelours.manum.cloud\/#\/schema\/logo\/image\/\"}}]}<\/script>\n<!-- \/ Yoast SEO plugin. -->","yoast_head_json":{"title":"Politique de confidentialit\u00e9 - La Cabane de l&#039;Ours","robots":{"index":"noindex","follow":"follow","max-snippet":"max-snippet:-1","max-image-preview":"max-image-preview:large","max-video-preview":"max-video-preview:-1"},"og_locale":"fr_FR","og_type":"article","og_title":"Politique de confidentialit\u00e9 - La Cabane de l&#039;Ours","og_description":"Qui sommes-nous&nbsp;? L\u2019adresse de notre site est&nbsp;: https:\/\/cabane-de-lours.fr\/ Commentaires Vous ne pouvez pas laisser de commentaire sur ce site. M\u00e9dias Vous ne pouvez pas t\u00e9l\u00e9verser de m\u00e9dias sur ce site. Cookies Nous utilisons des cookies de fonctionnement, y compris ceux de Google (via les font) pour assurer le bon fonctionnement du site et ceux de...","og_url":"https:\/\/cabanedelours.manum.cloud\/?page_id=3","og_site_name":"La Cabane de l&#039;Ours","article_modified_time":"2026-03-25T13:40:45+00:00","twitter_card":"summary_large_image","twitter_misc":{"Dur\u00e9e de lecture estim\u00e9e":"2 minutes"},"schema":{"@context":"https:\/\/schema.org","@graph":[{"@type":"WebPage","@id":"https:\/\/cabanedelours.manum.cloud\/?page_id=3","url":"https:\/\/cabanedelours.manum.cloud\/?page_id=3","name":"Politique de confidentialit\u00e9 - La Cabane de l&#039;Ours","isPartOf":{"@id":"https:\/\/cabanedelours.manum.cloud\/#website"},"datePublished":"2026-02-17T14:34:42+00:00","dateModified":"2026-03-25T13:40:45+00:00","breadcrumb":{"@id":"https:\/\/cabanedelours.manum.cloud\/?page_id=3#breadcrumb"},"inLanguage":"fr-FR","potentialAction":[{"@type":"ReadAction","target":["https:\/\/cabanedelours.manum.cloud\/?page_id=3"]}]},{"@type":"BreadcrumbList","@id":"https:\/\/cabanedelours.manum.cloud\/?page_id=3#breadcrumb","itemListElement":[{"@type":"ListItem","position":1,"name":"Accueil","item":"https:\/\/cabanedelours.manum.cloud\/"},{"@type":"ListItem","position":2,"name":"Politique de confidentialit\u00e9"}]},{"@type":"WebSite","@id":"https:\/\/cabanedelours.manum.cloud\/#website","url":"https:\/\/cabanedelours.manum.cloud\/","name":"La Cabane de l&#039;Ours","description":"","publisher":{"@id":"https:\/\/cabanedelours.manum.cloud\/#organization"},"potentialAction":[{"@type":"SearchAction","target":{"@type":"EntryPoint","urlTemplate":"https:\/\/cabanedelours.manum.cloud\/?s={search_term_string}"},"query-input":{"@type":"PropertyValueSpecification","valueRequired":true,"valueName":"search_term_string"}}],"inLanguage":"fr-FR"},{"@type":"Organization","@id":"https:\/\/cabanedelours.manum.cloud\/#organization","name":"La Cabane de l&#039;Ours","url":"https:\/\/cabanedelours.manum.cloud\/","logo":{"@type":"ImageObject","inLanguage":"fr-FR","@id":"https:\/\/cabanedelours.manum.cloud\/#\/schema\/logo\/image\/","url":"https:\/\/cabanedelours.manum.cloud\/wp-content\/uploads\/2026\/04\/2026-03.LOGO-CABANE-DE-LOURS-5-PAYSAGE.svg","contentUrl":"https:\/\/cabanedelours.manum.cloud\/wp-content\/uploads\/2026\/04\/2026-03.LOGO-CABANE-DE-LOURS-5-PAYSAGE.svg","width":1500,"height":327,"caption":"La Cabane de l&#039;Ours"},"image":{"@id":"https:\/\/cabanedelours.manum.cloud\/#\/schema\/logo\/image\/"}}]}},"taxonomy_info":[],"featured_image_src_large":false,"author_info":{"display_name":"manum","author_link":"https:\/\/cabanedelours.manum.cloud\/?author=1"},"comment_info":0,"_links":{"self":[{"href":"https:\/\/cabanedelours.manum.cloud\/index.php?rest_route=\/wp\/v2\/pages\/3","targetHints":{"allow":["GET"]}}],"collection":[{"href":"https:\/\/cabanedelours.manum.cloud\/index.php?rest_route=\/wp\/v2\/pages"}],"about":[{"href":"https:\/\/cabanedelours.manum.cloud\/index.php?rest_route=\/wp\/v2\/types\/page"}],"author":[{"embeddable":true,"href":"https:\/\/cabanedelours.manum.cloud\/index.php?rest_route=\/wp\/v2\/users\/1"}],"replies":[{"embeddable":true,"href":"https:\/\/cabanedelours.manum.cloud\/index.php?rest_route=%2Fwp%2Fv2%2Fcomments&post=3"}],"version-history":[{"count":4,"href":"https:\/\/cabanedelours.manum.cloud\/index.php?rest_route=\/wp\/v2\/pages\/3\/revisions"}],"predecessor-version":[{"id":283,"href":"https:\/\/cabanedelours.manum.cloud\/index.php?rest_route=\/wp\/v2\/pages\/3\/revisions\/283"}],"wp:attachment":[{"href":"https:\/\/cabanedelours.manum.cloud\/index.php?rest_route=%2Fwp%2Fv2%2Fmedia&parent=3"}],"curies":[{"name":"wp","href":"https:\/\/api.w.org\/{rel}","templated":true}]}}