{"id":109,"date":"2026-02-23T16:47:56","date_gmt":"2026-02-23T15:47:56","guid":{"rendered":"https:\/\/cabanedelours.manum.cloud\/?page_id=109"},"modified":"2026-02-24T16:01:37","modified_gmt":"2026-02-24T15:01:37","slug":"mentions-legales","status":"publish","type":"page","link":"https:\/\/cabanedelours.manum.cloud\/?page_id=109","title":{"rendered":"Mentions l\u00e9gales"},"content":{"rendered":"\n<p>Nous vous remercions d\u2019avoir visit\u00e9 le site&nbsp;www.cabane-de-lours.fr.<\/p>\n\n\n<style>.kb-row-layout-id109_a1fd20-15 > .kt-row-column-wrap{align-content:start;}:where(.kb-row-layout-id109_a1fd20-15 > .kt-row-column-wrap) > .wp-block-kadence-column{justify-content:start;}.kb-row-layout-id109_a1fd20-15 > .kt-row-column-wrap{column-gap:var(--global-kb-gap-md, 2rem);row-gap:var(--global-kb-gap-md, 2rem);padding-top:80px;padding-bottom:80px;grid-template-columns:minmax(0, 1fr);}.kb-row-layout-id109_a1fd20-15 > .kt-row-layout-overlay{opacity:0.30;}@media all and (max-width: 1024px){.kb-row-layout-id109_a1fd20-15 > .kt-row-column-wrap{padding-top:60px;padding-bottom:60px;grid-template-columns:minmax(0, 1fr);}}@media all and (max-width: 767px){.kb-row-layout-id109_a1fd20-15 > .kt-row-column-wrap{padding-top:40px;padding-bottom:40px;grid-template-columns:minmax(0, 1fr);}}<\/style><div class=\"kb-row-layout-wrap kb-row-layout-id109_a1fd20-15 alignnone wp-block-kadence-rowlayout\"><div class=\"kt-row-column-wrap kt-has-1-columns kt-row-layout-equal kt-tab-layout-inherit kt-mobile-layout-row kt-row-valign-top\">\n<style>.kadence-column109_29a8cd-23 > .kt-inside-inner-col,.kadence-column109_29a8cd-23 > .kt-inside-inner-col:before{border-top-left-radius:0px;border-top-right-radius:0px;border-bottom-right-radius:0px;border-bottom-left-radius:0px;}.kadence-column109_29a8cd-23 > .kt-inside-inner-col{column-gap:var(--global-kb-gap-sm, 1rem);}.kadence-column109_29a8cd-23 > .kt-inside-inner-col{flex-direction:column;}.kadence-column109_29a8cd-23 > .kt-inside-inner-col > .aligncenter{width:100%;}.kadence-column109_29a8cd-23 > .kt-inside-inner-col:before{opacity:0.3;}.kadence-column109_29a8cd-23{position:relative;}@media all and (max-width: 1024px){.kadence-column109_29a8cd-23 > .kt-inside-inner-col{flex-direction:column;justify-content:center;}}@media all and (max-width: 767px){.kadence-column109_29a8cd-23 > .kt-inside-inner-col{flex-direction:column;justify-content:center;}}<\/style>\n<div class=\"wp-block-kadence-column kadence-column109_29a8cd-23\"><div class=\"kt-inside-inner-col\"><style>.wp-block-kadence-advancedheading.kt-adv-heading109_b2f2d8-0b, .wp-block-kadence-advancedheading.kt-adv-heading109_b2f2d8-0b[data-kb-block=\"kb-adv-heading109_b2f2d8-0b\"]{text-align:center;font-style:normal;}.wp-block-kadence-advancedheading.kt-adv-heading109_b2f2d8-0b mark.kt-highlight, .wp-block-kadence-advancedheading.kt-adv-heading109_b2f2d8-0b[data-kb-block=\"kb-adv-heading109_b2f2d8-0b\"] mark.kt-highlight{font-style:normal;color:#f76a0c;-webkit-box-decoration-break:clone;box-decoration-break:clone;padding-top:0px;padding-right:0px;padding-bottom:0px;padding-left:0px;}.wp-block-kadence-advancedheading.kt-adv-heading109_b2f2d8-0b img.kb-inline-image, .wp-block-kadence-advancedheading.kt-adv-heading109_b2f2d8-0b[data-kb-block=\"kb-adv-heading109_b2f2d8-0b\"] img.kb-inline-image{width:150px;vertical-align:baseline;}<\/style>\n<h2 class=\"kt-adv-heading109_b2f2d8-0b wp-block-kadence-advancedheading\" data-kb-block=\"kb-adv-heading109_b2f2d8-0b\">Mentions l\u00e9gales<\/h2>\n\n\n\n<h2 class=\"wp-block-heading\"><strong>\u00c9diteur du site<\/strong><\/h2>\n\n\n\n<p><strong>Si\u00e8ge social : <\/strong>SARL ERIC<br>Num\u00e9ro de SIRET : 41247272200039<br>Adresse : ROUTE DE ROC DE COULOUM, 09120 LOUBENS<br>Activit\u00e9 : Exploitation d&rsquo;aires naturelles de camping (5530Z)<\/p>\n\n\n\n<p><strong>T\u00e9l\u00e9phone<\/strong>&nbsp;:&nbsp;<br><a href=\"https:\/\/cabanedelours.manum.cloud\/#r\u00e9server\">Email<\/a> (lien vers formulaire contact)<br><strong>Site Web :<\/strong>&nbsp;&nbsp;www.cabane-de-lours.fr<\/p>\n\n\n\n<p><strong>H\u00e9bergeur&nbsp;: MANUM Mon agence num\u00e9rique<\/strong><br><strong>Adresse :<\/strong>&nbsp;33 Av. du G\u00e9n\u00e9ral Leclerc, 09000 Foix<br><strong>Site Web :<\/strong>&nbsp;<a href=\"http:\/\/www.monagencenumerique.fr\/\">www.monagencenumerique.fr<\/a><\/p>\n\n\n\n<h2 class=\"wp-block-heading\"><strong>D\u00e9veloppement<\/strong><\/h2>\n\n\n\n<p><strong>MANUM&nbsp;<\/strong>:&nbsp;<a href=\"https:\/\/www.google.com\/search?q=mon+agence+numerique+foix&amp;sca_esv=ff92a7c727511e7b&amp;rlz=1C1VDKB_frFR1108FR1108&amp;ei=3ifYZ4CMD4enkdUPtqeXqAg&amp;ved=0ahUKEwiA89uyoJGMAxWHU6QEHbbTBYUQ4dUDCBA&amp;uact=5&amp;oq=mon+agence+numerique+foix&amp;gs_lp=Egxnd3Mtd2l6LXNlcnAiGW1vbiBhZ2VuY2UgbnVtZXJpcXVlIGZvaXgyCBAAGBYYChgeMggQABiABBiiBDIIEAAYgAQYogQyCBAAGIAEGKIEMgUQABjvBUiJGVBUWLcYcAF4AZABAJgBVaABuQKqAQE0uAEDyAEA-AEBmAIFoALPAsICChAAGLADGNYEGEfCAgUQABiABMICBhAAGBYYHpgDAIgGAZAGCJIHATWgB9cQ&amp;sclient=gws-wiz-serp#\">Mon agence num\u00e9rique<\/a><br><strong>Adresse :<\/strong>&nbsp;33 Av. du G\u00e9n\u00e9ral Leclerc, 09000 Foix<br><strong>T\u00e9l\u00e9phone:<\/strong>&nbsp;05 36 05 02 20<\/p>\n\n\n\n<h2 class=\"wp-block-heading\"><strong>Cr\u00e9dits photos<\/strong><\/h2>\n\n\n\n<ul class=\"wp-block-list\">\n<li>Adobe Stock<\/li>\n\n\n\n<li>La Cabane de l&rsquo;Ours<\/li>\n<\/ul>\n\n\n\n<h2 class=\"wp-block-heading\"><strong>Conditions d\u2019utilisation<\/strong><\/h2>\n\n\n\n<p>Ce site (www.cabane-de-lours.fr) est propos\u00e9 en diff\u00e9rents langages web (HTML, HTML5, Javascript, CSS, etc\u2026) pour un meilleur confort d\u2019utilisation et un graphisme plus agr\u00e9able, nous vous recommandons de recourir \u00e0 des navigateurs modernes comme Internet explorer, Safari, Firefox, Google Chrome, etc\u2026<\/p>\n\n\n\n<p><strong>La Cabane de l&rsquo;Ours<\/strong>&nbsp;met en \u0153uvre tous les moyens dont elle dispose, pour assurer une information fiable et une mise \u00e0 jour fiable de ses sites internet. Toutefois, des erreurs ou omissions peuvent survenir. L\u2019internaute devra donc s\u2019assurer de l\u2019exactitude des informations aupr\u00e8s de&nbsp;<strong><strong>La Cabane de l&rsquo;Ours<\/strong><\/strong>, et signaler toutes modifications du site qu\u2019il jugerait utile.&nbsp;<strong><strong>La Cabane de l&rsquo;Ours<\/strong><\/strong>&nbsp;n\u2019est en aucun cas responsable de l\u2019utilisation faite de ces informations, et de tout pr\u00e9judice direct ou indirect pouvant en d\u00e9couler.<\/p>\n\n\n\n<h2 class=\"wp-block-heading\"><strong>Cookies :<\/strong><\/h2>\n\n\n\n<p>Le site&nbsp;www.cabane-de-lours.fr&nbsp;peut \u00eatre amen\u00e9 \u00e0 vous demander l\u2019acceptation des cookies pour des besoins de statistiques et d\u2019affichage. Un cookie est une information d\u00e9pos\u00e9e sur votre disque dur par le serveur du site que vous visitez. Il contient plusieurs donn\u00e9es qui sont stock\u00e9es sur votre ordinateur dans un simple fichier texte auquel un serveur acc\u00e8de pour lire et enregistrer des informations. Certaines parties de ce site ne peuvent \u00eatre fonctionnelles sans l\u2019acceptation de cookies.<\/p>\n\n\n\n<h2 class=\"wp-block-heading\"><strong>Liens hypertextes :<\/strong><\/h2>\n\n\n\n<p>Les sites internet de peuvent offrir des liens vers d\u2019autres sites internet ou d\u2019autres ressources disponibles sur Internet.&nbsp;<strong><strong><strong>La Cabane de l&rsquo;Ours<\/strong><\/strong><\/strong> ne dispose d\u2019aucun moyen pour contr\u00f4ler les sites en connexion avec ses sites internet.&nbsp;<strong><strong><strong>La Cabane de l&rsquo;Ours<\/strong><\/strong><\/strong> ne r\u00e9pond pas de la disponibilit\u00e9 de tels sites et sources externes, ni ne la garantit. Elle ne peut \u00eatre tenue pour responsable de tout dommage, de quelque nature que ce soit, r\u00e9sultant du contenu de ces sites ou sources externes, et notamment des informations, produits ou services qu\u2019ils proposent, ou de tout usage qui peut \u00eatre fait de ces \u00e9l\u00e9ments. Les risques li\u00e9s \u00e0 cette utilisation incombent pleinement \u00e0 l\u2019internaute, qui doit se conformer \u00e0 leurs conditions d\u2019utilisation.<\/p>\n\n\n\n<p>Les utilisateurs, les abonn\u00e9s et les visiteurs des sites internet de ne peuvent mettre en place un hyperlien en direction de ce site sans l\u2019autorisation expresse et pr\u00e9alable de&nbsp;<strong><strong><strong>La Cabane de l&rsquo;Ours<\/strong><\/strong><\/strong>.<\/p>\n\n\n\n<p>Dans l\u2019hypoth\u00e8se o\u00f9 un utilisateur ou visiteur souhaiterait mettre en place un hyperlien en direction d\u2019un des sites internet de&nbsp;<strong><strong><strong>La Cabane de l&rsquo;Ours<\/strong><\/strong><\/strong>, il lui appartiendra d\u2019adresser un email accessible sur le site afin de formuler sa demande de mise en place d\u2019un hyperlien.&nbsp;<strong><strong><strong>La Cabane de l&rsquo;Ours<\/strong><\/strong><\/strong> se r\u00e9serve le droit d\u2019accepter ou de refuser un hyperlien sans avoir \u00e0 en justifier sa d\u00e9cision.<\/p>\n\n\n\n<h2 class=\"wp-block-heading\"><strong>Services fournis<\/strong><\/h2>\n\n\n\n<p>L\u2019ensemble des activit\u00e9s de la soci\u00e9t\u00e9 ainsi que ses informations sont pr\u00e9sent\u00e9s sur notre site&nbsp;www.cabane-de-lours.fr.<\/p>\n\n\n\n<h2 class=\"wp-block-heading\"><strong>Limitation contractuelle sur les donn\u00e9es<\/strong><\/h2>\n\n\n\n<p>Les informations contenues sur ce site sont aussi pr\u00e9cises que possible et le site remis \u00e0 jour \u00e0 diff\u00e9rentes p\u00e9riodes de l\u2019ann\u00e9e, mais peut toutefois contenir des inexactitudes ou des omissions. Si vous constatez une lacune, erreur ou ce qui parait \u00eatre un dysfonctionnement, merci de bien vouloir le signaler via le formulaire de contact, en d\u00e9crivant le probl\u00e8me de la mani\u00e8re la plus pr\u00e9cise possible (page posant probl\u00e8me, type d\u2019ordinateur et de navigateur utilis\u00e9, \u2026).<\/p>\n\n\n\n<p>Tout contenu t\u00e9l\u00e9charg\u00e9 se fait aux risques et p\u00e9rils de l\u2019utilisateur et sous sa seule responsabilit\u00e9. En cons\u00e9quence, ne saurait \u00eatre tenu responsable d\u2019un quelconque dommage subi par l\u2019ordinateur de l\u2019utilisateur ou d\u2019une quelconque perte de donn\u00e9es cons\u00e9cutives au t\u00e9l\u00e9chargement. De plus, l\u2019utilisateur du site s\u2019engage \u00e0 acc\u00e9der au site en utilisant un mat\u00e9riel r\u00e9cent, ne contenant pas de virus et avec un navigateur de derni\u00e8re g\u00e9n\u00e9ration mis-\u00e0-jour<\/p>\n\n\n\n<p>Les liens hypertextes mis en place dans le cadre du pr\u00e9sent site internet en direction d\u2019autres ressources pr\u00e9sentes sur le r\u00e9seau Internet ne sauraient engager la responsabilit\u00e9 de&nbsp;<strong><strong><strong><strong>La Cabane de l&rsquo;Ours<\/strong><\/strong><\/strong>.<\/strong><\/p>\n\n\n\n<h2 class=\"wp-block-heading\"><strong>Propri\u00e9t\u00e9 intellectuelle<\/strong><\/h2>\n\n\n\n<p>Tout le contenu du pr\u00e9sent sur le site&nbsp;www.cabane-de-lours.fr, incluant, de fa\u00e7on non limitative, les graphismes, images, textes, vid\u00e9os, animations, sons, logos, gifs et ic\u00f4nes ainsi que leur mise en forme sont la propri\u00e9t\u00e9 exclusive de la soci\u00e9t\u00e9 \u00e0 l\u2019exception des marques, logos ou contenus appartenant \u00e0 d\u2019autres soci\u00e9t\u00e9s partenaires ou auteurs.<\/p>\n\n\n\n<p>Toute reproduction, distribution, modification, adaptation, retransmission ou publication, m\u00eame partielle, de ces diff\u00e9rents \u00e9l\u00e9ments est strictement interdite sans l\u2019accord par \u00e9crit de&nbsp;<strong><strong><strong><strong>La Cabane de l&rsquo;Ours<\/strong><\/strong><\/strong>.<\/strong>&nbsp;Cette repr\u00e9sentation ou reproduction, par quelque proc\u00e9d\u00e9 que ce soit, constitue une contrefa\u00e7on sanctionn\u00e9e par les articles L.335-2 et suivants du Code de la propri\u00e9t\u00e9 intellectuelle. Le non-respect de cette interdiction constitue une contrefa\u00e7on pouvant engager la responsabilit\u00e9 civile et p\u00e9nale du contrefacteur. En outre, les propri\u00e9taires des Contenus copi\u00e9s pourraient intenter une action en justice \u00e0 votre encontre.<\/p>\n\n\n\n<h2 class=\"wp-block-heading\"><strong>D\u00e9claration \u00e0 la CNIL<\/strong><\/h2>\n\n\n\n<p>Conform\u00e9ment \u00e0 la loi 78-17 du 6 janvier 1978 (modifi\u00e9e par la loi 2004-801 du 6 ao\u00fbt 2004 relative \u00e0 la protection des personnes physiques \u00e0 l\u2019\u00e9gard des traitements de donn\u00e9es \u00e0 caract\u00e8re personnel) relative \u00e0 l\u2019informat<\/p>\n<\/div><\/div>\n\n<\/div><\/div>","protected":false},"excerpt":{"rendered":"<p>Nous vous remercions d\u2019avoir visit\u00e9 le site&nbsp;www.cabane-de-lours.fr. Mentions l\u00e9gales \u00c9diteur du site Si\u00e8ge social : SARL ERICNum\u00e9ro de SIRET : 41247272200039Adresse : ROUTE DE ROC DE COULOUM, 09120 LOUBENSActivit\u00e9 : Exploitation d&rsquo;aires naturelles de camping (5530Z) T\u00e9l\u00e9phone&nbsp;:&nbsp;Email (lien vers formulaire contact)Site Web :&nbsp;&nbsp;www.cabane-de-lours.fr H\u00e9bergeur&nbsp;: MANUM Mon agence num\u00e9riqueAdresse :&nbsp;33 Av. du G\u00e9n\u00e9ral Leclerc, 09000 FoixSite&#8230;<\/p>\n","protected":false},"author":1,"featured_media":0,"parent":0,"menu_order":0,"comment_status":"closed","ping_status":"closed","template":"","meta":{"inline_featured_image":false,"_kad_blocks_custom_css":"","_kad_blocks_head_custom_js":"","_kad_blocks_body_custom_js":"","_kad_blocks_footer_custom_js":"","_kadence_starter_templates_imported_post":false,"_kad_post_transparent":"","_kad_post_title":"","_kad_post_layout":"","_kad_post_sidebar_id":"","_kad_post_content_style":"","_kad_post_vertical_padding":"","_kad_post_feature":"","_kad_post_feature_position":"","_kad_post_header":false,"_kad_post_footer":false,"_kad_post_classname":"","footnotes":""},"class_list":["post-109","page","type-page","status-publish","hentry"],"yoast_head":"<!-- This site is optimized with the Yoast SEO plugin v27.2 - https:\/\/yoast.com\/product\/yoast-seo-wordpress\/ -->\n<title>Mentions l\u00e9gales - La Cabane de l&#039;Ours<\/title>\n<meta name=\"robots\" content=\"noindex, follow, max-snippet:-1, max-image-preview:large, max-video-preview:-1\" \/>\n<meta property=\"og:locale\" content=\"fr_FR\" \/>\n<meta property=\"og:type\" content=\"article\" \/>\n<meta property=\"og:title\" content=\"Mentions l\u00e9gales - La Cabane de l&#039;Ours\" \/>\n<meta property=\"og:description\" content=\"Nous vous remercions d\u2019avoir visit\u00e9 le site&nbsp;www.cabane-de-lours.fr. Mentions l\u00e9gales \u00c9diteur du site Si\u00e8ge social : SARL ERICNum\u00e9ro de SIRET : 41247272200039Adresse : ROUTE DE ROC DE COULOUM, 09120 LOUBENSActivit\u00e9 : Exploitation d&rsquo;aires naturelles de camping (5530Z) T\u00e9l\u00e9phone&nbsp;:&nbsp;Email (lien vers formulaire contact)Site Web :&nbsp;&nbsp;www.cabane-de-lours.fr H\u00e9bergeur&nbsp;: MANUM Mon agence num\u00e9riqueAdresse :&nbsp;33 Av. du G\u00e9n\u00e9ral Leclerc, 09000 FoixSite...\" \/>\n<meta property=\"og:url\" content=\"https:\/\/cabanedelours.manum.cloud\/?page_id=109\" \/>\n<meta property=\"og:site_name\" content=\"La Cabane de l&#039;Ours\" \/>\n<meta property=\"article:modified_time\" content=\"2026-02-24T15:01:37+00:00\" \/>\n<meta name=\"twitter:card\" content=\"summary_large_image\" \/>\n<meta name=\"twitter:label1\" content=\"Dur\u00e9e de lecture estim\u00e9e\" \/>\n\t<meta name=\"twitter:data1\" content=\"5 minutes\" \/>\n<script type=\"application\/ld+json\" class=\"yoast-schema-graph\">{\"@context\":\"https:\/\/schema.org\",\"@graph\":[{\"@type\":\"WebPage\",\"@id\":\"https:\/\/cabanedelours.manum.cloud\/?page_id=109\",\"url\":\"https:\/\/cabanedelours.manum.cloud\/?page_id=109\",\"name\":\"Mentions l\u00e9gales - La Cabane de l&#039;Ours\",\"isPartOf\":{\"@id\":\"https:\/\/cabanedelours.manum.cloud\/#website\"},\"datePublished\":\"2026-02-23T15:47:56+00:00\",\"dateModified\":\"2026-02-24T15:01:37+00:00\",\"breadcrumb\":{\"@id\":\"https:\/\/cabanedelours.manum.cloud\/?page_id=109#breadcrumb\"},\"inLanguage\":\"fr-FR\",\"potentialAction\":[{\"@type\":\"ReadAction\",\"target\":[\"https:\/\/cabanedelours.manum.cloud\/?page_id=109\"]}]},{\"@type\":\"BreadcrumbList\",\"@id\":\"https:\/\/cabanedelours.manum.cloud\/?page_id=109#breadcrumb\",\"itemListElement\":[{\"@type\":\"ListItem\",\"position\":1,\"name\":\"Accueil\",\"item\":\"https:\/\/cabanedelours.manum.cloud\/\"},{\"@type\":\"ListItem\",\"position\":2,\"name\":\"Mentions l\u00e9gales\"}]},{\"@type\":\"WebSite\",\"@id\":\"https:\/\/cabanedelours.manum.cloud\/#website\",\"url\":\"https:\/\/cabanedelours.manum.cloud\/\",\"name\":\"La Cabane de l&#039;Ours\",\"description\":\"\",\"publisher\":{\"@id\":\"https:\/\/cabanedelours.manum.cloud\/#organization\"},\"potentialAction\":[{\"@type\":\"SearchAction\",\"target\":{\"@type\":\"EntryPoint\",\"urlTemplate\":\"https:\/\/cabanedelours.manum.cloud\/?s={search_term_string}\"},\"query-input\":{\"@type\":\"PropertyValueSpecification\",\"valueRequired\":true,\"valueName\":\"search_term_string\"}}],\"inLanguage\":\"fr-FR\"},{\"@type\":\"Organization\",\"@id\":\"https:\/\/cabanedelours.manum.cloud\/#organization\",\"name\":\"La Cabane de l&#039;Ours\",\"url\":\"https:\/\/cabanedelours.manum.cloud\/\",\"logo\":{\"@type\":\"ImageObject\",\"inLanguage\":\"fr-FR\",\"@id\":\"https:\/\/cabanedelours.manum.cloud\/#\/schema\/logo\/image\/\",\"url\":\"https:\/\/cabanedelours.manum.cloud\/wp-content\/uploads\/2026\/04\/2026-03.LOGO-CABANE-DE-LOURS-5-PAYSAGE.svg\",\"contentUrl\":\"https:\/\/cabanedelours.manum.cloud\/wp-content\/uploads\/2026\/04\/2026-03.LOGO-CABANE-DE-LOURS-5-PAYSAGE.svg\",\"width\":1500,\"height\":327,\"caption\":\"La Cabane de l&#039;Ours\"},\"image\":{\"@id\":\"https:\/\/cabanedelours.manum.cloud\/#\/schema\/logo\/image\/\"}}]}<\/script>\n<!-- \/ Yoast SEO plugin. -->","yoast_head_json":{"title":"Mentions l\u00e9gales - La Cabane de l&#039;Ours","robots":{"index":"noindex","follow":"follow","max-snippet":"max-snippet:-1","max-image-preview":"max-image-preview:large","max-video-preview":"max-video-preview:-1"},"og_locale":"fr_FR","og_type":"article","og_title":"Mentions l\u00e9gales - La Cabane de l&#039;Ours","og_description":"Nous vous remercions d\u2019avoir visit\u00e9 le site&nbsp;www.cabane-de-lours.fr. Mentions l\u00e9gales \u00c9diteur du site Si\u00e8ge social : SARL ERICNum\u00e9ro de SIRET : 41247272200039Adresse : ROUTE DE ROC DE COULOUM, 09120 LOUBENSActivit\u00e9 : Exploitation d&rsquo;aires naturelles de camping (5530Z) T\u00e9l\u00e9phone&nbsp;:&nbsp;Email (lien vers formulaire contact)Site Web :&nbsp;&nbsp;www.cabane-de-lours.fr H\u00e9bergeur&nbsp;: MANUM Mon agence num\u00e9riqueAdresse :&nbsp;33 Av. du G\u00e9n\u00e9ral Leclerc, 09000 FoixSite...","og_url":"https:\/\/cabanedelours.manum.cloud\/?page_id=109","og_site_name":"La Cabane de l&#039;Ours","article_modified_time":"2026-02-24T15:01:37+00:00","twitter_card":"summary_large_image","twitter_misc":{"Dur\u00e9e de lecture estim\u00e9e":"5 minutes"},"schema":{"@context":"https:\/\/schema.org","@graph":[{"@type":"WebPage","@id":"https:\/\/cabanedelours.manum.cloud\/?page_id=109","url":"https:\/\/cabanedelours.manum.cloud\/?page_id=109","name":"Mentions l\u00e9gales - La Cabane de l&#039;Ours","isPartOf":{"@id":"https:\/\/cabanedelours.manum.cloud\/#website"},"datePublished":"2026-02-23T15:47:56+00:00","dateModified":"2026-02-24T15:01:37+00:00","breadcrumb":{"@id":"https:\/\/cabanedelours.manum.cloud\/?page_id=109#breadcrumb"},"inLanguage":"fr-FR","potentialAction":[{"@type":"ReadAction","target":["https:\/\/cabanedelours.manum.cloud\/?page_id=109"]}]},{"@type":"BreadcrumbList","@id":"https:\/\/cabanedelours.manum.cloud\/?page_id=109#breadcrumb","itemListElement":[{"@type":"ListItem","position":1,"name":"Accueil","item":"https:\/\/cabanedelours.manum.cloud\/"},{"@type":"ListItem","position":2,"name":"Mentions l\u00e9gales"}]},{"@type":"WebSite","@id":"https:\/\/cabanedelours.manum.cloud\/#website","url":"https:\/\/cabanedelours.manum.cloud\/","name":"La Cabane de l&#039;Ours","description":"","publisher":{"@id":"https:\/\/cabanedelours.manum.cloud\/#organization"},"potentialAction":[{"@type":"SearchAction","target":{"@type":"EntryPoint","urlTemplate":"https:\/\/cabanedelours.manum.cloud\/?s={search_term_string}"},"query-input":{"@type":"PropertyValueSpecification","valueRequired":true,"valueName":"search_term_string"}}],"inLanguage":"fr-FR"},{"@type":"Organization","@id":"https:\/\/cabanedelours.manum.cloud\/#organization","name":"La Cabane de l&#039;Ours","url":"https:\/\/cabanedelours.manum.cloud\/","logo":{"@type":"ImageObject","inLanguage":"fr-FR","@id":"https:\/\/cabanedelours.manum.cloud\/#\/schema\/logo\/image\/","url":"https:\/\/cabanedelours.manum.cloud\/wp-content\/uploads\/2026\/04\/2026-03.LOGO-CABANE-DE-LOURS-5-PAYSAGE.svg","contentUrl":"https:\/\/cabanedelours.manum.cloud\/wp-content\/uploads\/2026\/04\/2026-03.LOGO-CABANE-DE-LOURS-5-PAYSAGE.svg","width":1500,"height":327,"caption":"La Cabane de l&#039;Ours"},"image":{"@id":"https:\/\/cabanedelours.manum.cloud\/#\/schema\/logo\/image\/"}}]}},"taxonomy_info":[],"featured_image_src_large":false,"author_info":{"display_name":"manum","author_link":"https:\/\/cabanedelours.manum.cloud\/?author=1"},"comment_info":0,"_links":{"self":[{"href":"https:\/\/cabanedelours.manum.cloud\/index.php?rest_route=\/wp\/v2\/pages\/109","targetHints":{"allow":["GET"]}}],"collection":[{"href":"https:\/\/cabanedelours.manum.cloud\/index.php?rest_route=\/wp\/v2\/pages"}],"about":[{"href":"https:\/\/cabanedelours.manum.cloud\/index.php?rest_route=\/wp\/v2\/types\/page"}],"author":[{"embeddable":true,"href":"https:\/\/cabanedelours.manum.cloud\/index.php?rest_route=\/wp\/v2\/users\/1"}],"replies":[{"embeddable":true,"href":"https:\/\/cabanedelours.manum.cloud\/index.php?rest_route=%2Fwp%2Fv2%2Fcomments&post=109"}],"version-history":[{"count":7,"href":"https:\/\/cabanedelours.manum.cloud\/index.php?rest_route=\/wp\/v2\/pages\/109\/revisions"}],"predecessor-version":[{"id":282,"href":"https:\/\/cabanedelours.manum.cloud\/index.php?rest_route=\/wp\/v2\/pages\/109\/revisions\/282"}],"wp:attachment":[{"href":"https:\/\/cabanedelours.manum.cloud\/index.php?rest_route=%2Fwp%2Fv2%2Fmedia&parent=109"}],"curies":[{"name":"wp","href":"https:\/\/api.w.org\/{rel}","templated":true}]}}